{"id":5641,"date":"2024-10-17T09:36:39","date_gmt":"2024-10-17T07:36:39","guid":{"rendered":"https:\/\/kintek.it\/lavora-con-noi\/"},"modified":"2026-02-13T16:07:09","modified_gmt":"2026-02-13T15:07:09","slug":"carrieres","status":"publish","type":"page","link":"https:\/\/kintek.it\/fr\/carrieres\/","title":{"rendered":"Carri\u00e8res"},"content":{"rendered":"\n<div class=\"wp-block-stackable-spacer stk-block-spacer stk--no-padding stk-block stk-d036db5\" data-block-id=\"d036db5\"><style>.stk-d036db5 {height:120px !important;}@media screen and (max-width: 1023px){.stk-d036db5 {height:100px !important;}}@media screen and (max-width: 767px){.stk-d036db5 {height:50px !important;}}<\/style><\/div>\n\n\n\n<div class=\"wp-block-stackable-columns stk-block-columns stk-block stk-6304163\" data-block-id=\"6304163\"><style>.stk-6304163 {max-width:1290px !important;min-width:auto !important;margin-right:auto !important;margin-bottom:0px !important;margin-left:auto !important;}.stk-6304163-column{--stk-columns-spacing:0px !important;--stk-column-gap:20px !important;}@media screen and (max-width: 1023px){.stk-6304163-column{--stk-column-gap:20px !important;row-gap:20px !important;}}<\/style><div class=\"stk-row stk-inner-blocks stk-block-content stk-content-align stk-6304163-column\">\n<div class=\"wp-block-stackable-column stk-block-column stk-column stk-block stk-a017834\" data-v=\"4\" data-block-id=\"a017834\"><style>@media screen and (min-width: 768px){.stk-a017834 {flex:var(--stk-flex-grow, 1) 1 calc(13.2% - var(--stk-column-gap, 0px) * 2 \/ 3 ) !important;}}@media screen and (min-width: 768px) and (max-width: 1023px){.stk-a017834 {flex:var(--stk-flex-grow, 1) 1 calc(100% - var(--stk-column-gap, 0px) * 0 \/ 1 ) !important;}}<\/style><div class=\"stk-column-wrapper stk-block-column__content stk-container stk-a017834-container stk--no-background stk--no-padding\"><div class=\"stk-block-content stk-inner-blocks stk-a017834-inner-blocks\">\n<div class=\"wp-block-stackable-heading stk-block-heading stk-block-heading--v2 stk-block stk-f42eba8 reveal\" id=\"carrieres\" data-block-id=\"f42eba8\"><style>.stk-f42eba8 .stk-block-heading__text{color:var(--theme-palette-color-2, #050505) !important;}<\/style><h2 class=\"stk-block-heading__text has-text-color\">Carri\u00e8res<\/h2><\/div>\n<\/div><\/div><\/div>\n\n\n\n<div class=\"wp-block-stackable-column stk-block-column stk-column stk-block stk-a124715 stk-block-background\" data-v=\"4\" data-block-id=\"a124715\"><style>.stk-a124715 {background-color:var(--theme-palette-color-7, #F6F6F6) !important;border-top-left-radius:12px !important;border-top-right-radius:12px !important;border-bottom-right-radius:12px !important;border-bottom-left-radius:12px !important;overflow:hidden !important;padding-top:44px !important;padding-right:44px !important;padding-bottom:44px !important;padding-left:44px !important;}.stk-a124715:before{background-color:var(--theme-palette-color-7, #F6F6F6) !important;}@media screen and (min-width: 768px){.stk-a124715 {flex:var(--stk-flex-grow, 1) 1 calc(47.599999999999994% - var(--stk-column-gap, 0px) * 2 \/ 3 ) !important;}}@media screen and (min-width: 768px) and (max-width: 1023px){.stk-a124715 {flex:var(--stk-flex-grow, 1) 1 calc(50% - var(--stk-column-gap, 0px) * 1 \/ 2 ) !important;}}@media screen and (max-width: 1023px){.stk-a124715 {padding-top:30px !important;padding-right:30px !important;padding-bottom:30px !important;padding-left:30px !important;}}@media screen and (max-width: 767px){.stk-a124715 {padding-top:20px !important;padding-right:20px !important;padding-bottom:20px !important;padding-left:20px !important;}}<\/style><div class=\"stk-column-wrapper stk-block-column__content stk-container stk-a124715-container stk--no-background stk--no-padding\"><div class=\"stk-block-content stk-inner-blocks stk-a124715-inner-blocks\">\n<div class=\"wp-block-stackable-heading stk-block-heading stk-block-heading--v2 stk-block stk-4157972 reveal\" id=\"rejoignez-notre-equipe\" data-block-id=\"4157972\"><style>.stk-4157972 {margin-bottom:12px !important;}.stk-4157972 .stk-block-heading__text{font-size:24px !important;color:var(--theme-palette-color-2, #050505) !important;line-height:26.4px !important;font-weight:500 !important;letter-spacing:-0.48px !important;}@media screen and (max-width: 1023px){.stk-4157972 .stk-block-heading__text{font-size:24px !important;}}<\/style><h4 class=\"stk-block-heading__text has-text-color\">Rejoignez notre \u00e9quipe<\/h4><\/div>\n\n\n\n<div class=\"wp-block-stackable-text stk-block-text stk-block stk-a672431 reveal\" data-block-id=\"a672431\"><style>.stk-a672431 .stk-block-text__text{color:var(--theme-palette-color-4, #5D5D5D) !important;font-weight:500 !important;}<\/style><p class=\"stk-block-text__text has-text-color\">Si vous \u00eates ing\u00e9nieur, m\u00e9canicien ou professionnel avec une exp\u00e9rience dans le secteur de la production et de la transformation des m\u00e9taux, et que vous partagez les valeurs de qualit\u00e9 et d\u2019engagement envers le client, nous recherchons des talents comme vous pour rejoindre notre \u00e9quipe.<br><br>Chez Kintek, chaque jour est une opportunit\u00e9 de grandir et de faire la diff\u00e9rence. Travailler avec nous signifie \u00e9voluer dans un environnement dynamique, stimulant et en constante \u00e9volution.<\/p><\/div>\n<\/div><\/div><\/div>\n\n\n\n<div class=\"wp-block-stackable-column stk-block-column stk-column stk-block stk-5d776cf\" data-v=\"4\" data-block-id=\"5d776cf\"><style>.stk-5d776cf {align-self:stretch !important;}@media screen and (min-width: 768px){.stk-5d776cf {flex:var(--stk-flex-grow, 1) 1 calc(39.2% - var(--stk-column-gap, 0px) * 2 \/ 3 ) !important;}}@media screen and (min-width: 768px) and (max-width: 1023px){.stk-5d776cf {flex:var(--stk-flex-grow, 1) 1 calc(50% - var(--stk-column-gap, 0px) * 1 \/ 2 ) !important;}}<\/style><div class=\"stk-column-wrapper stk-block-column__content stk-container stk-5d776cf-container stk--no-background stk--no-padding\"><div class=\"stk-block-content stk-inner-blocks stk-5d776cf-inner-blocks\">\n<div class=\"wp-block-stackable-image stk-block-image stk-block stk-2752a72\" data-block-id=\"2752a72\"><style>.stk-2752a72 .stk-img-wrapper img{border-radius:12px !important;}<\/style><figure><span class=\"stk-img-wrapper stk-image--shape-stretch\"><img loading=\"lazy\" decoding=\"async\" class=\"stk-img wp-image-3029\" src=\"https:\/\/kintek.apvdtest.it\/cms\/wp-content\/uploads\/2024\/11\/team-gait.png\" width=\"1900\" height=\"1425\" srcset=\"https:\/\/kintek.it\/cms\/wp-content\/uploads\/2024\/11\/team-gait.png 1900w, https:\/\/kintek.it\/cms\/wp-content\/uploads\/2024\/11\/team-gait-300x225.png 300w, https:\/\/kintek.it\/cms\/wp-content\/uploads\/2024\/11\/team-gait-1024x768.png 1024w, https:\/\/kintek.it\/cms\/wp-content\/uploads\/2024\/11\/team-gait-768x576.png 768w, https:\/\/kintek.it\/cms\/wp-content\/uploads\/2024\/11\/team-gait-1536x1152.png 1536w\" sizes=\"auto, (max-width: 1900px) 100vw, 1900px\" \/><\/span><\/figure><\/div>\n<\/div><\/div><\/div>\n<\/div><\/div>\n\n\n\n<div class=\"wp-block-stackable-spacer stk-block-spacer stk--no-padding stk-block stk-ec47deb\" data-block-id=\"ec47deb\"><style>.stk-ec47deb {height:120px !important;}@media screen and (max-width: 1023px){.stk-ec47deb {height:100px !important;}}@media screen and (max-width: 767px){.stk-ec47deb {height:50px !important;}}<\/style><\/div>\n\n\n\n<div class=\"wp-block-stackable-columns stk-block-columns stk-block stk-85f3f48\" data-block-id=\"85f3f48\"><style>.stk-85f3f48 {max-width:1290px !important;min-width:auto !important;margin-right:auto !important;margin-bottom:0px !important;margin-left:auto !important;}.stk-85f3f48-column{max-width:1240px !important;min-width:auto !important;margin-right:auto !important;margin-left:auto !important;--stk-columns-spacing:0px !important;--stk-column-gap:96px !important;}@media screen and (max-width: 1023px){.stk-85f3f48-column{--stk-column-gap:30px !important;}}@media screen and (max-width: 767px){.stk-85f3f48-column{row-gap:20px !important;}.stk-85f3f48 {--stk-col-order-1:2 !important;--stk-col-order-2:1 !important;}}<\/style><div class=\"stk-row stk-inner-blocks stk-block-content stk-content-align stk-85f3f48-column\">\n<div class=\"wp-block-stackable-column stk-block-column stk-column stk-block stk-a9d899a\" data-v=\"4\" data-block-id=\"a9d899a\"><div class=\"stk-column-wrapper stk-block-column__content stk-container stk-a9d899a-container stk--no-background stk--no-padding\"><div class=\"stk-block-content stk-inner-blocks stk-a9d899a-inner-blocks\">\n<div class=\"wp-block-stackable-image stk-block-image stk-block stk-23a7aac\" data-block-id=\"23a7aac\"><style>.stk-23a7aac .stk-img-wrapper{height:840px !important;}.stk-23a7aac .stk-img-wrapper img{border-radius:12px !important;}@media screen and (max-width: 767px){.stk-23a7aac .stk-img-wrapper{height:100% !important;}}<\/style><figure><span class=\"stk-img-wrapper stk-image--shape-stretch\"><img loading=\"lazy\" decoding=\"async\" class=\"stk-img wp-image-1014\" src=\"https:\/\/kintek.apvdtest.it\/cms\/wp-content\/uploads\/2024\/10\/18.jpg\" width=\"1280\" height=\"960\" srcset=\"https:\/\/kintek.it\/cms\/wp-content\/uploads\/2024\/10\/18.jpg 1280w, https:\/\/kintek.it\/cms\/wp-content\/uploads\/2024\/10\/18-300x225.jpg 300w, https:\/\/kintek.it\/cms\/wp-content\/uploads\/2024\/10\/18-1024x768.jpg 1024w, https:\/\/kintek.it\/cms\/wp-content\/uploads\/2024\/10\/18-768x576.jpg 768w\" sizes=\"auto, (max-width: 1280px) 100vw, 1280px\" \/><\/span><\/figure><\/div>\n<\/div><\/div><\/div>\n\n\n\n<div class=\"wp-block-stackable-column stk-block-column stk-column stk-block stk-752edb5\" data-v=\"4\" data-block-id=\"752edb5\"><div class=\"stk-column-wrapper stk-block-column__content stk-container stk-752edb5-container stk--no-background stk--no-padding\"><div class=\"stk-block-content stk-inner-blocks stk-752edb5-inner-blocks\">\n<div class=\"wp-block-stackable-heading stk-block-heading stk-block-heading--v2 stk-block stk-b056888 reveal\" id=\"span-style-color-var-theme-palette-color-5-db-0019-class-stk-highlight-rejoignez-span-lequipe-kintek\" data-block-id=\"b056888\"><style>.stk-b056888 {margin-bottom:24px !important;}.stk-b056888 .stk-block-heading__text{color:var(--theme-palette-color-2, #050505) !important;}<\/style><h2 class=\"stk-block-heading__text has-text-color\"><span style=\"color: var(--theme-palette-color-5, #DB0019);\" class=\"stk-highlight\">Rejoignez<\/span> l\u2019\u00e9quipe Kintek<\/h2><\/div>\n\n\n\n<div class=\"wp-block-stackable-text stk-block-text stk-block stk-0d4b00c reveal\" data-block-id=\"0d4b00c\"><style>.stk-0d4b00c {max-width:480px !important;min-width:auto !important;margin-bottom:48px !important;}.stk-0d4b00c .stk-block-text__text{color:var(--theme-palette-color-13, #B0B0B0) !important;font-weight:500 !important;}@media screen and (max-width: 767px){.stk-0d4b00c {margin-bottom:30px !important;}}<\/style><p class=\"stk-block-text__text has-text-color\">Nous souhaitons en savoir plus sur vous. Remplissez le formulaire ci-dessous et nous vous recontacterons dans les plus brefs d\u00e9lais.<\/p><\/div>\n\n\n\n<div class=\"wpcf7 no-js\" id=\"wpcf7-f5645-o1\" lang=\"fr-FR\" dir=\"ltr\">\n<div class=\"screen-reader-response\"><p role=\"status\" aria-live=\"polite\" aria-atomic=\"true\"><\/p> <ul><\/ul><\/div>\n<form action=\"\/fr\/wp-json\/wp\/v2\/pages\/5641#wpcf7-f5645-o1\" method=\"post\" class=\"wpcf7-form init\" aria-label=\"Contact form\" enctype=\"multipart\/form-data\" novalidate=\"novalidate\" data-status=\"init\">\n<div style=\"display: none;\">\n<input type=\"hidden\" name=\"_wpcf7\" value=\"5645\" \/>\n<input type=\"hidden\" name=\"_wpcf7_version\" value=\"5.9.8\" \/>\n<input type=\"hidden\" name=\"_wpcf7_locale\" value=\"fr_FR\" \/>\n<input type=\"hidden\" name=\"_wpcf7_unit_tag\" value=\"wpcf7-f5645-o1\" \/>\n<input type=\"hidden\" name=\"_wpcf7_container_post\" value=\"0\" \/>\n<input type=\"hidden\" name=\"_wpcf7_posted_data_hash\" value=\"\" \/>\n<input type=\"hidden\" name=\"_wpcf7_recaptcha_response\" value=\"\" \/>\n<\/div>\n<div class=\"container-form\">\n\t<div class=\"container-nome-cognome\">\n\t\t<p><label> Pr\u00e9nom<br \/>\n<span class=\"wpcf7-form-control-wrap\" data-name=\"your-name\"><input size=\"40\" maxlength=\"400\" class=\"wpcf7-form-control wpcf7-text wpcf7-validates-as-required\" autocomplete=\"name\" aria-required=\"true\" aria-invalid=\"false\" value=\"\" type=\"text\" name=\"your-name\" \/><\/span> <\/label>\n\t\t<\/p>\n\t\t<p><label> Nom<br \/>\n<span class=\"wpcf7-form-control-wrap\" data-name=\"cognome\"><input size=\"40\" maxlength=\"400\" class=\"wpcf7-form-control wpcf7-text wpcf7-validates-as-required\" aria-required=\"true\" aria-invalid=\"false\" value=\"\" type=\"text\" name=\"cognome\" \/><\/span> <\/label>\n\t\t<\/p>\n\t<\/div>\n\t<p><label> E-mail<br \/>\n<span class=\"wpcf7-form-control-wrap\" data-name=\"your-email\"><input size=\"40\" maxlength=\"400\" class=\"wpcf7-form-control wpcf7-email wpcf7-validates-as-required wpcf7-text wpcf7-validates-as-email\" autocomplete=\"email\" aria-required=\"true\" aria-invalid=\"false\" value=\"\" type=\"email\" name=\"your-email\" \/><\/span> <\/label>\n\t<\/p>\n\t<p><label> T\u00e9l\u00e9phone<br \/>\n<span class=\"wpcf7-form-control-wrap\" data-name=\"telefono\"><input size=\"40\" maxlength=\"400\" class=\"wpcf7-form-control wpcf7-tel wpcf7-validates-as-required wpcf7-text wpcf7-validates-as-tel\" aria-required=\"true\" aria-invalid=\"false\" value=\"\" type=\"tel\" name=\"telefono\" \/><\/span> <\/label>\n\t<\/p>\n\t<p><label> Message<br \/>\n<span class=\"wpcf7-form-control-wrap\" data-name=\"your-message\"><textarea cols=\"40\" rows=\"10\" maxlength=\"2000\" class=\"wpcf7-form-control wpcf7-textarea\" aria-invalid=\"false\" name=\"your-message\"><\/textarea><\/span> <\/label>\n\t<\/p>\n\t<p><label class=\"label-form\"> Curriculum<br \/>\n<span class=\"wpcf7-form-control-wrap\" data-name=\"curriculum\"><input size=\"40\" class=\"wpcf7-form-control wpcf7-file wpcf7-validates-as-required\" accept=\".pdf,.doc,.docx\" aria-required=\"true\" aria-invalid=\"false\" type=\"file\" name=\"curriculum\" \/><\/span> <\/label>\n\t<\/p>\n\t<p><span class=\"wpcf7-form-control-wrap\" data-name=\"acceptance-352\"><span class=\"wpcf7-form-control wpcf7-acceptance\"><span class=\"wpcf7-list-item\"><label><input type=\"checkbox\" name=\"acceptance-352\" value=\"1\" aria-invalid=\"false\" \/><span class=\"wpcf7-list-item-label\">J\u2019accepte l\u2019utilisation et le traitement de mes coordonn\u00e9es afin de recevoir des communications concernant les produits et services, conform\u00e9ment \u00e0 la Politique de confidentialit\u00e9 de Kintek S.p.A.<\/span><\/label><\/span><\/span><\/span>\n\t<\/p>\n\t<p><input class=\"wpcf7-form-control wpcf7-submit has-spinner btn-invia\" type=\"submit\" value=\"Envoyer\" \/>\n\t<\/p>\n<\/div><div class=\"wpcf7-response-output\" aria-hidden=\"true\"><\/div>\n<\/form>\n<\/div>\n\n<\/div><\/div><\/div>\n<\/div><\/div>\n\n\n\n<div class=\"wp-block-stackable-spacer stk-block-spacer stk--no-padding stk-block stk-2b793fb\" data-block-id=\"2b793fb\"><style>.stk-2b793fb {height:120px !important;}@media screen and (max-width: 1023px){.stk-2b793fb {height:100px !important;}}@media screen and (max-width: 767px){.stk-2b793fb {height:50px !important;}}<\/style><\/div>\n","protected":false},"excerpt":{"rendered":"<p>Carri\u00e8res Rejoignez notre \u00e9quipe Si vous \u00eates ing\u00e9nieur, m\u00e9canicien ou professionnel avec une exp\u00e9rience dans le secteur de la production et de la transformation des m\u00e9taux, et que vous partagez les valeurs de qualit\u00e9 et d\u2019engagement envers le client, nous recherchons des talents comme vous pour rejoindre notre \u00e9quipe. Chez Kintek, chaque jour est une [&hellip;]<\/p>\n","protected":false},"author":2,"featured_media":0,"parent":0,"menu_order":0,"comment_status":"closed","ping_status":"closed","template":"","meta":{"footnotes":""},"class_list":["post-5641","page","type-page","status-publish","hentry"],"blocksy_meta":[],"yoast_head":"<!-- This site is optimized with the Yoast SEO plugin v23.8 - https:\/\/yoast.com\/wordpress\/plugins\/seo\/ -->\n<title>Carri\u00e8res - Kintek<\/title>\n<meta name=\"description\" content=\"Rejoignez l&#039;\u00e9quipe Kintek! Nous recherchons des ing\u00e9nieurs, des m\u00e9caniciens et des professionnels du secteur m\u00e9tallurgique pour un environnement stimulant et en constante \u00e9volution.\" \/>\n<meta name=\"robots\" content=\"index, follow, max-snippet:-1, max-image-preview:large, max-video-preview:-1\" \/>\n<link rel=\"canonical\" href=\"https:\/\/kintek.it\/fr\/carrieres\/\" \/>\n<meta property=\"og:locale\" content=\"fr_FR\" \/>\n<meta property=\"og:type\" content=\"article\" \/>\n<meta property=\"og:title\" content=\"Carri\u00e8res - Kintek\" \/>\n<meta property=\"og:description\" content=\"Rejoignez l&#039;\u00e9quipe Kintek! Nous recherchons des ing\u00e9nieurs, des m\u00e9caniciens et des professionnels du secteur m\u00e9tallurgique pour un environnement stimulant et en constante \u00e9volution.\" \/>\n<meta property=\"og:url\" content=\"https:\/\/kintek.it\/fr\/carrieres\/\" \/>\n<meta property=\"og:site_name\" content=\"Kintek\" \/>\n<meta property=\"article:publisher\" content=\"https:\/\/it-it.facebook.com\/kinteksrl\/\" \/>\n<meta property=\"article:modified_time\" content=\"2026-02-13T15:07:09+00:00\" \/>\n<meta property=\"og:image\" content=\"https:\/\/kintek.it\/cms\/wp-content\/uploads\/2024\/11\/team-gait.png\" \/>\n\t<meta property=\"og:image:width\" content=\"1900\" \/>\n\t<meta property=\"og:image:height\" content=\"1425\" \/>\n\t<meta property=\"og:image:type\" content=\"image\/png\" \/>\n<meta name=\"twitter:card\" content=\"summary_large_image\" \/>\n<meta name=\"twitter:label1\" content=\"Est. reading time\" \/>\n\t<meta name=\"twitter:data1\" content=\"1 minute\" \/>\n<script type=\"application\/ld+json\" class=\"yoast-schema-graph\">{\"@context\":\"https:\/\/schema.org\",\"@graph\":[{\"@type\":\"WebPage\",\"@id\":\"https:\/\/kintek.it\/fr\/carrieres\/\",\"url\":\"https:\/\/kintek.it\/fr\/carrieres\/\",\"name\":\"Carri\u00e8res - Kintek\",\"isPartOf\":{\"@id\":\"https:\/\/kintek.it\/fr\/#website\"},\"primaryImageOfPage\":{\"@id\":\"https:\/\/kintek.it\/fr\/carrieres\/#primaryimage\"},\"image\":{\"@id\":\"https:\/\/kintek.it\/fr\/carrieres\/#primaryimage\"},\"thumbnailUrl\":\"https:\/\/kintek.apvdtest.it\/cms\/wp-content\/uploads\/2024\/11\/team-gait.png\",\"datePublished\":\"2024-10-17T07:36:39+00:00\",\"dateModified\":\"2026-02-13T15:07:09+00:00\",\"description\":\"Rejoignez l'\u00e9quipe Kintek! Nous recherchons des ing\u00e9nieurs, des m\u00e9caniciens et des professionnels du secteur m\u00e9tallurgique pour un environnement stimulant et en constante \u00e9volution.\",\"breadcrumb\":{\"@id\":\"https:\/\/kintek.it\/fr\/carrieres\/#breadcrumb\"},\"inLanguage\":\"fr-FR\",\"potentialAction\":[{\"@type\":\"ReadAction\",\"target\":[\"https:\/\/kintek.it\/fr\/carrieres\/\"]}]},{\"@type\":\"ImageObject\",\"inLanguage\":\"fr-FR\",\"@id\":\"https:\/\/kintek.it\/fr\/carrieres\/#primaryimage\",\"url\":\"https:\/\/kintek.apvdtest.it\/cms\/wp-content\/uploads\/2024\/11\/team-gait.png\",\"contentUrl\":\"https:\/\/kintek.apvdtest.it\/cms\/wp-content\/uploads\/2024\/11\/team-gait.png\"},{\"@type\":\"BreadcrumbList\",\"@id\":\"https:\/\/kintek.it\/fr\/carrieres\/#breadcrumb\",\"itemListElement\":[{\"@type\":\"ListItem\",\"position\":1,\"name\":\"Home\",\"item\":\"https:\/\/kintek.it\/fr\/\"},{\"@type\":\"ListItem\",\"position\":2,\"name\":\"Carri\u00e8res\"}]},{\"@type\":\"WebSite\",\"@id\":\"https:\/\/kintek.it\/fr\/#website\",\"url\":\"https:\/\/kintek.it\/fr\/\",\"name\":\"Kintek\",\"description\":\"Componenti Innovativi Tecnomeccanici\",\"publisher\":{\"@id\":\"https:\/\/kintek.it\/fr\/#organization\"},\"potentialAction\":[{\"@type\":\"SearchAction\",\"target\":{\"@type\":\"EntryPoint\",\"urlTemplate\":\"https:\/\/kintek.it\/fr\/?s={search_term_string}\"},\"query-input\":{\"@type\":\"PropertyValueSpecification\",\"valueRequired\":true,\"valueName\":\"search_term_string\"}}],\"inLanguage\":\"fr-FR\"},{\"@type\":\"Organization\",\"@id\":\"https:\/\/kintek.it\/fr\/#organization\",\"name\":\"Kintek - Leader nella produzione di portautensili\",\"url\":\"https:\/\/kintek.it\/fr\/\",\"logo\":{\"@type\":\"ImageObject\",\"inLanguage\":\"fr-FR\",\"@id\":\"https:\/\/kintek.it\/fr\/#\/schema\/logo\/image\/\",\"url\":\"https:\/\/kintek.it\/cms\/wp-content\/uploads\/2024\/09\/logo-kintek-pos.svg\",\"contentUrl\":\"https:\/\/kintek.it\/cms\/wp-content\/uploads\/2024\/09\/logo-kintek-pos.svg\",\"width\":486,\"height\":144,\"caption\":\"Kintek - Leader nella produzione di portautensili\"},\"image\":{\"@id\":\"https:\/\/kintek.it\/fr\/#\/schema\/logo\/image\/\"},\"sameAs\":[\"https:\/\/it-it.facebook.com\/kinteksrl\/\",\"https:\/\/www.instagram.com\/kinteksrl\/\",\"https:\/\/www.linkedin.com\/company\/kintek-s.r.l.\/\"]}]}<\/script>\n<!-- \/ Yoast SEO plugin. -->","yoast_head_json":{"title":"Carri\u00e8res - Kintek","description":"Rejoignez l'\u00e9quipe Kintek! Nous recherchons des ing\u00e9nieurs, des m\u00e9caniciens et des professionnels du secteur m\u00e9tallurgique pour un environnement stimulant et en constante \u00e9volution.","robots":{"index":"index","follow":"follow","max-snippet":"max-snippet:-1","max-image-preview":"max-image-preview:large","max-video-preview":"max-video-preview:-1"},"canonical":"https:\/\/kintek.it\/fr\/carrieres\/","og_locale":"fr_FR","og_type":"article","og_title":"Carri\u00e8res - Kintek","og_description":"Rejoignez l'\u00e9quipe Kintek! Nous recherchons des ing\u00e9nieurs, des m\u00e9caniciens et des professionnels du secteur m\u00e9tallurgique pour un environnement stimulant et en constante \u00e9volution.","og_url":"https:\/\/kintek.it\/fr\/carrieres\/","og_site_name":"Kintek","article_publisher":"https:\/\/it-it.facebook.com\/kinteksrl\/","article_modified_time":"2026-02-13T15:07:09+00:00","og_image":[{"width":1900,"height":1425,"url":"https:\/\/kintek.it\/cms\/wp-content\/uploads\/2024\/11\/team-gait.png","type":"image\/png"}],"twitter_card":"summary_large_image","twitter_misc":{"Est. reading time":"1 minute"},"schema":{"@context":"https:\/\/schema.org","@graph":[{"@type":"WebPage","@id":"https:\/\/kintek.it\/fr\/carrieres\/","url":"https:\/\/kintek.it\/fr\/carrieres\/","name":"Carri\u00e8res - Kintek","isPartOf":{"@id":"https:\/\/kintek.it\/fr\/#website"},"primaryImageOfPage":{"@id":"https:\/\/kintek.it\/fr\/carrieres\/#primaryimage"},"image":{"@id":"https:\/\/kintek.it\/fr\/carrieres\/#primaryimage"},"thumbnailUrl":"https:\/\/kintek.apvdtest.it\/cms\/wp-content\/uploads\/2024\/11\/team-gait.png","datePublished":"2024-10-17T07:36:39+00:00","dateModified":"2026-02-13T15:07:09+00:00","description":"Rejoignez l'\u00e9quipe Kintek! Nous recherchons des ing\u00e9nieurs, des m\u00e9caniciens et des professionnels du secteur m\u00e9tallurgique pour un environnement stimulant et en constante \u00e9volution.","breadcrumb":{"@id":"https:\/\/kintek.it\/fr\/carrieres\/#breadcrumb"},"inLanguage":"fr-FR","potentialAction":[{"@type":"ReadAction","target":["https:\/\/kintek.it\/fr\/carrieres\/"]}]},{"@type":"ImageObject","inLanguage":"fr-FR","@id":"https:\/\/kintek.it\/fr\/carrieres\/#primaryimage","url":"https:\/\/kintek.apvdtest.it\/cms\/wp-content\/uploads\/2024\/11\/team-gait.png","contentUrl":"https:\/\/kintek.apvdtest.it\/cms\/wp-content\/uploads\/2024\/11\/team-gait.png"},{"@type":"BreadcrumbList","@id":"https:\/\/kintek.it\/fr\/carrieres\/#breadcrumb","itemListElement":[{"@type":"ListItem","position":1,"name":"Home","item":"https:\/\/kintek.it\/fr\/"},{"@type":"ListItem","position":2,"name":"Carri\u00e8res"}]},{"@type":"WebSite","@id":"https:\/\/kintek.it\/fr\/#website","url":"https:\/\/kintek.it\/fr\/","name":"Kintek","description":"Componenti Innovativi Tecnomeccanici","publisher":{"@id":"https:\/\/kintek.it\/fr\/#organization"},"potentialAction":[{"@type":"SearchAction","target":{"@type":"EntryPoint","urlTemplate":"https:\/\/kintek.it\/fr\/?s={search_term_string}"},"query-input":{"@type":"PropertyValueSpecification","valueRequired":true,"valueName":"search_term_string"}}],"inLanguage":"fr-FR"},{"@type":"Organization","@id":"https:\/\/kintek.it\/fr\/#organization","name":"Kintek - Leader nella produzione di portautensili","url":"https:\/\/kintek.it\/fr\/","logo":{"@type":"ImageObject","inLanguage":"fr-FR","@id":"https:\/\/kintek.it\/fr\/#\/schema\/logo\/image\/","url":"https:\/\/kintek.it\/cms\/wp-content\/uploads\/2024\/09\/logo-kintek-pos.svg","contentUrl":"https:\/\/kintek.it\/cms\/wp-content\/uploads\/2024\/09\/logo-kintek-pos.svg","width":486,"height":144,"caption":"Kintek - Leader nella produzione di portautensili"},"image":{"@id":"https:\/\/kintek.it\/fr\/#\/schema\/logo\/image\/"},"sameAs":["https:\/\/it-it.facebook.com\/kinteksrl\/","https:\/\/www.instagram.com\/kinteksrl\/","https:\/\/www.linkedin.com\/company\/kintek-s.r.l.\/"]}]}},"_links":{"self":[{"href":"https:\/\/kintek.it\/fr\/wp-json\/wp\/v2\/pages\/5641","targetHints":{"allow":["GET"]}}],"collection":[{"href":"https:\/\/kintek.it\/fr\/wp-json\/wp\/v2\/pages"}],"about":[{"href":"https:\/\/kintek.it\/fr\/wp-json\/wp\/v2\/types\/page"}],"author":[{"embeddable":true,"href":"https:\/\/kintek.it\/fr\/wp-json\/wp\/v2\/users\/2"}],"replies":[{"embeddable":true,"href":"https:\/\/kintek.it\/fr\/wp-json\/wp\/v2\/comments?post=5641"}],"version-history":[{"count":0,"href":"https:\/\/kintek.it\/fr\/wp-json\/wp\/v2\/pages\/5641\/revisions"}],"wp:attachment":[{"href":"https:\/\/kintek.it\/fr\/wp-json\/wp\/v2\/media?parent=5641"}],"curies":[{"name":"wp","href":"https:\/\/api.w.org\/{rel}","templated":true}]}}