{"id":5491,"date":"2024-10-17T09:36:39","date_gmt":"2024-10-17T07:36:39","guid":{"rendered":"https:\/\/kintek.it\/lavora-con-noi\/"},"modified":"2026-02-13T10:42:57","modified_gmt":"2026-02-13T09:42:57","slug":"karriere","status":"publish","type":"page","link":"https:\/\/kintek.it\/de\/karriere\/","title":{"rendered":"Karriere"},"content":{"rendered":"\n<div class=\"wp-block-stackable-spacer stk-block-spacer stk--no-padding stk-block stk-d036db5\" data-block-id=\"d036db5\"><style>.stk-d036db5 {height:120px !important;}@media screen and (max-width: 1023px){.stk-d036db5 {height:100px !important;}}@media screen and (max-width: 767px){.stk-d036db5 {height:50px !important;}}<\/style><\/div>\n\n\n\n<div class=\"wp-block-stackable-columns stk-block-columns stk-block stk-6304163\" data-block-id=\"6304163\"><style>.stk-6304163 {max-width:1290px !important;min-width:auto !important;margin-right:auto !important;margin-bottom:0px !important;margin-left:auto !important;}.stk-6304163-column{--stk-columns-spacing:0px !important;--stk-column-gap:20px !important;}@media screen and (max-width: 1023px){.stk-6304163-column{--stk-column-gap:20px !important;row-gap:20px !important;}}<\/style><div class=\"stk-row stk-inner-blocks stk-block-content stk-content-align stk-6304163-column\">\n<div class=\"wp-block-stackable-column stk-block-column stk-column stk-block stk-a017834\" data-v=\"4\" data-block-id=\"a017834\"><style>@media screen and (min-width: 768px){.stk-a017834 {flex:var(--stk-flex-grow, 1) 1 calc(11.5% - var(--stk-column-gap, 0px) * 2 \/ 3 ) !important;}}@media screen and (min-width: 768px) and (max-width: 1023px){.stk-a017834 {flex:var(--stk-flex-grow, 1) 1 calc(100% - var(--stk-column-gap, 0px) * 0 \/ 1 ) !important;}}<\/style><div class=\"stk-column-wrapper stk-block-column__content stk-container stk-a017834-container stk--no-background stk--no-padding\"><div class=\"stk-block-content stk-inner-blocks stk-a017834-inner-blocks\">\n<div class=\"wp-block-stackable-heading stk-block-heading stk-block-heading--v2 stk-block stk-f42eba8 reveal\" id=\"karriere\" data-block-id=\"f42eba8\"><style>.stk-f42eba8 .stk-block-heading__text{color:var(--theme-palette-color-2, #050505) !important;}<\/style><h2 class=\"stk-block-heading__text has-text-color\">Karriere<\/h2><\/div>\n<\/div><\/div><\/div>\n\n\n\n<div class=\"wp-block-stackable-column stk-block-column stk-column stk-block stk-a124715 stk-block-background\" data-v=\"4\" data-block-id=\"a124715\"><style>.stk-a124715 {background-color:var(--theme-palette-color-7, #F6F6F6) !important;border-top-left-radius:12px !important;border-top-right-radius:12px !important;border-bottom-right-radius:12px !important;border-bottom-left-radius:12px !important;overflow:hidden !important;padding-top:44px !important;padding-right:44px !important;padding-bottom:44px !important;padding-left:44px !important;}.stk-a124715:before{background-color:var(--theme-palette-color-7, #F6F6F6) !important;}@media screen and (min-width: 768px){.stk-a124715 {flex:var(--stk-flex-grow, 1) 1 calc(49.29999999999998% - var(--stk-column-gap, 0px) * 2 \/ 3 ) !important;}}@media screen and (min-width: 768px) and (max-width: 1023px){.stk-a124715 {flex:var(--stk-flex-grow, 1) 1 calc(50% - var(--stk-column-gap, 0px) * 1 \/ 2 ) !important;}}@media screen and (max-width: 1023px){.stk-a124715 {padding-top:30px !important;padding-right:30px !important;padding-bottom:30px !important;padding-left:30px !important;}}@media screen and (max-width: 767px){.stk-a124715 {padding-top:20px !important;padding-right:20px !important;padding-bottom:20px !important;padding-left:20px !important;}}<\/style><div class=\"stk-column-wrapper stk-block-column__content stk-container stk-a124715-container stk--no-background stk--no-padding\"><div class=\"stk-block-content stk-inner-blocks stk-a124715-inner-blocks\">\n<div class=\"wp-block-stackable-heading stk-block-heading stk-block-heading--v2 stk-block stk-4157972 reveal\" id=\"werden-sie-teil-unseres-teams\" data-block-id=\"4157972\"><style>.stk-4157972 {margin-bottom:12px !important;}.stk-4157972 .stk-block-heading__text{font-size:24px !important;color:var(--theme-palette-color-2, #050505) !important;line-height:26.4px !important;font-weight:500 !important;letter-spacing:-0.48px !important;}@media screen and (max-width: 1023px){.stk-4157972 .stk-block-heading__text{font-size:24px !important;}}<\/style><h4 class=\"stk-block-heading__text has-text-color\">Werden Sie Teil unseres Teams<\/h4><\/div>\n\n\n\n<div class=\"wp-block-stackable-text stk-block-text stk-block stk-a672431 reveal\" data-block-id=\"a672431\"><style>.stk-a672431 .stk-block-text__text{color:var(--theme-palette-color-4, #5D5D5D) !important;font-weight:500 !important;}<\/style><p class=\"stk-block-text__text has-text-color\">Wenn Sie Ingenieur, Mechaniker oder Fachkraft mit Erfahrung in der Fertigungs- und Metallbearbeitungsindustrie sind und die Werte Qualit\u00e4t und Kundenorientierung teilen, suchen wir Talente wie Sie zur Verst\u00e4rkung unseres Teams.<br><br>Bei Kintek ist jeder Tag eine Gelegenheit, zu wachsen und etwas zu bewirken. Mit uns zu arbeiten bedeutet, Teil eines dynamischen, inspirierenden und sich kontinuierlich weiterentwickelnden Umfelds zu werden.<\/p><\/div>\n<\/div><\/div><\/div>\n\n\n\n<div class=\"wp-block-stackable-column stk-block-column stk-column stk-block stk-5d776cf\" data-v=\"4\" data-block-id=\"5d776cf\"><style>.stk-5d776cf {align-self:stretch !important;}@media screen and (min-width: 768px){.stk-5d776cf {flex:var(--stk-flex-grow, 1) 1 calc(39.20000000000002% - var(--stk-column-gap, 0px) * 2 \/ 3 ) !important;}}@media screen and (min-width: 768px) and (max-width: 1023px){.stk-5d776cf {flex:var(--stk-flex-grow, 1) 1 calc(50% - var(--stk-column-gap, 0px) * 1 \/ 2 ) !important;}}<\/style><div class=\"stk-column-wrapper stk-block-column__content stk-container stk-5d776cf-container stk--no-background stk--no-padding\"><div class=\"stk-block-content stk-inner-blocks stk-5d776cf-inner-blocks\">\n<div class=\"wp-block-stackable-image stk-block-image stk-block stk-2752a72\" data-block-id=\"2752a72\"><style>.stk-2752a72 .stk-img-wrapper img{border-radius:12px !important;}<\/style><figure><span class=\"stk-img-wrapper stk-image--shape-stretch\"><img loading=\"lazy\" decoding=\"async\" class=\"stk-img wp-image-3029\" src=\"https:\/\/kintek.apvdtest.it\/cms\/wp-content\/uploads\/2024\/11\/team-gait.png\" width=\"1900\" height=\"1425\" srcset=\"https:\/\/kintek.it\/cms\/wp-content\/uploads\/2024\/11\/team-gait.png 1900w, https:\/\/kintek.it\/cms\/wp-content\/uploads\/2024\/11\/team-gait-300x225.png 300w, https:\/\/kintek.it\/cms\/wp-content\/uploads\/2024\/11\/team-gait-1024x768.png 1024w, https:\/\/kintek.it\/cms\/wp-content\/uploads\/2024\/11\/team-gait-768x576.png 768w, https:\/\/kintek.it\/cms\/wp-content\/uploads\/2024\/11\/team-gait-1536x1152.png 1536w\" sizes=\"auto, (max-width: 1900px) 100vw, 1900px\" \/><\/span><\/figure><\/div>\n<\/div><\/div><\/div>\n<\/div><\/div>\n\n\n\n<div class=\"wp-block-stackable-spacer stk-block-spacer stk--no-padding stk-block stk-ec47deb\" data-block-id=\"ec47deb\"><style>.stk-ec47deb {height:120px !important;}@media screen and (max-width: 1023px){.stk-ec47deb {height:100px !important;}}@media screen and (max-width: 767px){.stk-ec47deb {height:50px !important;}}<\/style><\/div>\n\n\n\n<div class=\"wp-block-stackable-columns stk-block-columns stk-block stk-85f3f48\" data-block-id=\"85f3f48\"><style>.stk-85f3f48 {max-width:1290px !important;min-width:auto !important;margin-right:auto !important;margin-bottom:0px !important;margin-left:auto !important;}.stk-85f3f48-column{max-width:1240px !important;min-width:auto !important;margin-right:auto !important;margin-left:auto !important;--stk-columns-spacing:0px !important;--stk-column-gap:96px !important;}@media screen and (max-width: 1023px){.stk-85f3f48-column{--stk-column-gap:30px !important;}}@media screen and (max-width: 767px){.stk-85f3f48-column{row-gap:20px !important;}.stk-85f3f48 {--stk-col-order-1:2 !important;--stk-col-order-2:1 !important;}}<\/style><div class=\"stk-row stk-inner-blocks stk-block-content stk-content-align stk-85f3f48-column\">\n<div class=\"wp-block-stackable-column stk-block-column stk-column stk-block stk-a9d899a\" data-v=\"4\" data-block-id=\"a9d899a\"><div class=\"stk-column-wrapper stk-block-column__content stk-container stk-a9d899a-container stk--no-background stk--no-padding\"><div class=\"stk-block-content stk-inner-blocks stk-a9d899a-inner-blocks\">\n<div class=\"wp-block-stackable-image stk-block-image stk-block stk-23a7aac\" data-block-id=\"23a7aac\"><style>.stk-23a7aac .stk-img-wrapper{height:840px !important;}.stk-23a7aac .stk-img-wrapper img{border-radius:12px !important;}@media screen and (max-width: 767px){.stk-23a7aac .stk-img-wrapper{height:100% !important;}}<\/style><figure><span class=\"stk-img-wrapper stk-image--shape-stretch\"><img loading=\"lazy\" decoding=\"async\" class=\"stk-img wp-image-1014\" src=\"https:\/\/kintek.apvdtest.it\/cms\/wp-content\/uploads\/2024\/10\/18.jpg\" width=\"1280\" height=\"960\" srcset=\"https:\/\/kintek.it\/cms\/wp-content\/uploads\/2024\/10\/18.jpg 1280w, https:\/\/kintek.it\/cms\/wp-content\/uploads\/2024\/10\/18-300x225.jpg 300w, https:\/\/kintek.it\/cms\/wp-content\/uploads\/2024\/10\/18-1024x768.jpg 1024w, https:\/\/kintek.it\/cms\/wp-content\/uploads\/2024\/10\/18-768x576.jpg 768w\" sizes=\"auto, (max-width: 1280px) 100vw, 1280px\" \/><\/span><\/figure><\/div>\n<\/div><\/div><\/div>\n\n\n\n<div class=\"wp-block-stackable-column stk-block-column stk-column stk-block stk-752edb5\" data-v=\"4\" data-block-id=\"752edb5\"><div class=\"stk-column-wrapper stk-block-column__content stk-container stk-752edb5-container stk--no-background stk--no-padding\"><div class=\"stk-block-content stk-inner-blocks stk-752edb5-inner-blocks\">\n<div class=\"wp-block-stackable-heading stk-block-heading stk-block-heading--v2 stk-block stk-b056888 reveal\" id=\"span-style-color-var-theme-palette-color-5-db-0019-class-stk-highlight-werden-sie-teil-span-des-kintek-teams\" data-block-id=\"b056888\"><style>.stk-b056888 {margin-bottom:24px !important;}.stk-b056888 .stk-block-heading__text{color:var(--theme-palette-color-2, #050505) !important;}<\/style><h2 class=\"stk-block-heading__text has-text-color\"><span style=\"color: var(--theme-palette-color-5, #DB0019);\" class=\"stk-highlight\">Werden Sie Teil<\/span> des Kintek-Teams<\/h2><\/div>\n\n\n\n<div class=\"wp-block-stackable-text stk-block-text stk-block stk-0d4b00c reveal\" data-block-id=\"0d4b00c\"><style>.stk-0d4b00c {max-width:480px !important;min-width:auto !important;margin-bottom:48px !important;}.stk-0d4b00c .stk-block-text__text{color:var(--theme-palette-color-13, #B0B0B0) !important;font-weight:500 !important;}@media screen and (max-width: 767px){.stk-0d4b00c {margin-bottom:30px !important;}}<\/style><p class=\"stk-block-text__text has-text-color\">Wir m\u00f6chten mehr \u00fcber Sie erfahren. F\u00fcllen Sie das untenstehende Formular aus und wir werden uns schnellstm\u00f6glich mit Ihnen in Verbindung setzen.<\/p><\/div>\n\n\n\n<div class=\"wpcf7 no-js\" id=\"wpcf7-f5495-o1\" lang=\"de-DE\" dir=\"ltr\">\n<div class=\"screen-reader-response\"><p role=\"status\" aria-live=\"polite\" aria-atomic=\"true\"><\/p> <ul><\/ul><\/div>\n<form action=\"\/de\/wp-json\/wp\/v2\/pages\/5491#wpcf7-f5495-o1\" method=\"post\" class=\"wpcf7-form init\" aria-label=\"Contact form\" enctype=\"multipart\/form-data\" novalidate=\"novalidate\" data-status=\"init\">\n<div style=\"display: none;\">\n<input type=\"hidden\" name=\"_wpcf7\" value=\"5495\" \/>\n<input type=\"hidden\" name=\"_wpcf7_version\" value=\"5.9.8\" \/>\n<input type=\"hidden\" name=\"_wpcf7_locale\" value=\"de_DE\" \/>\n<input type=\"hidden\" name=\"_wpcf7_unit_tag\" value=\"wpcf7-f5495-o1\" \/>\n<input type=\"hidden\" name=\"_wpcf7_container_post\" value=\"0\" \/>\n<input type=\"hidden\" name=\"_wpcf7_posted_data_hash\" value=\"\" \/>\n<input type=\"hidden\" name=\"_wpcf7_recaptcha_response\" value=\"\" \/>\n<\/div>\n<div class=\"container-form\">\n\t<div class=\"container-nome-cognome\">\n\t\t<p><label> Vorname<br \/>\n<span class=\"wpcf7-form-control-wrap\" data-name=\"your-name\"><input size=\"40\" maxlength=\"400\" class=\"wpcf7-form-control wpcf7-text wpcf7-validates-as-required\" autocomplete=\"name\" aria-required=\"true\" aria-invalid=\"false\" value=\"\" type=\"text\" name=\"your-name\" \/><\/span> <\/label>\n\t\t<\/p>\n\t\t<p><label> Nachname<br \/>\n<span class=\"wpcf7-form-control-wrap\" data-name=\"cognome\"><input size=\"40\" maxlength=\"400\" class=\"wpcf7-form-control wpcf7-text wpcf7-validates-as-required\" aria-required=\"true\" aria-invalid=\"false\" value=\"\" type=\"text\" name=\"cognome\" \/><\/span> <\/label>\n\t\t<\/p>\n\t<\/div>\n\t<p><label> E-Mail<br \/>\n<span class=\"wpcf7-form-control-wrap\" data-name=\"your-email\"><input size=\"40\" maxlength=\"400\" class=\"wpcf7-form-control wpcf7-email wpcf7-validates-as-required wpcf7-text wpcf7-validates-as-email\" autocomplete=\"email\" aria-required=\"true\" aria-invalid=\"false\" value=\"\" type=\"email\" name=\"your-email\" \/><\/span> <\/label>\n\t<\/p>\n\t<p><label> Telefon<br \/>\n<span class=\"wpcf7-form-control-wrap\" data-name=\"telefono\"><input size=\"40\" maxlength=\"400\" class=\"wpcf7-form-control wpcf7-tel wpcf7-validates-as-required wpcf7-text wpcf7-validates-as-tel\" aria-required=\"true\" aria-invalid=\"false\" value=\"\" type=\"tel\" name=\"telefono\" \/><\/span> <\/label>\n\t<\/p>\n\t<p><label> Nachricht<br \/>\n<span class=\"wpcf7-form-control-wrap\" data-name=\"your-message\"><textarea cols=\"40\" rows=\"10\" maxlength=\"2000\" class=\"wpcf7-form-control wpcf7-textarea\" aria-invalid=\"false\" name=\"your-message\"><\/textarea><\/span> <\/label>\n\t<\/p>\n\t<p><label class=\"label-form\"> Lebenslauf<br \/>\n<span class=\"wpcf7-form-control-wrap\" data-name=\"curriculum\"><input size=\"40\" class=\"wpcf7-form-control wpcf7-file wpcf7-validates-as-required\" accept=\".pdf,.doc,.docx\" aria-required=\"true\" aria-invalid=\"false\" type=\"file\" name=\"curriculum\" \/><\/span> <\/label>\n\t<\/p>\n\t<p><span class=\"wpcf7-form-control-wrap\" data-name=\"acceptance-352\"><span class=\"wpcf7-form-control wpcf7-acceptance\"><span class=\"wpcf7-list-item\"><label><input type=\"checkbox\" name=\"acceptance-352\" value=\"1\" aria-invalid=\"false\" \/><span class=\"wpcf7-list-item-label\">Ich stimme der Verarbeitung meiner Kontaktdaten zu, um Mitteilungen zu Produkten und Dienstleistungen zu erhalten, gem\u00e4\u00df der Datenschutzrichtlinie von Kintek S.p.A.<\/span><\/label><\/span><\/span><\/span>\n\t<\/p>\n\t<p><input class=\"wpcf7-form-control wpcf7-submit has-spinner btn-invia\" type=\"submit\" value=\"Senden\" \/>\n\t<\/p>\n<\/div><div class=\"wpcf7-response-output\" aria-hidden=\"true\"><\/div>\n<\/form>\n<\/div>\n\n<\/div><\/div><\/div>\n<\/div><\/div>\n\n\n\n<div class=\"wp-block-stackable-spacer stk-block-spacer stk--no-padding stk-block stk-2b793fb\" data-block-id=\"2b793fb\"><style>.stk-2b793fb {height:120px !important;}@media screen and (max-width: 1023px){.stk-2b793fb {height:100px !important;}}@media screen and (max-width: 767px){.stk-2b793fb {height:50px !important;}}<\/style><\/div>\n","protected":false},"excerpt":{"rendered":"<p>Karriere Werden Sie Teil unseres Teams Wenn Sie Ingenieur, Mechaniker oder Fachkraft mit Erfahrung in der Fertigungs- und Metallbearbeitungsindustrie sind und die Werte Qualit\u00e4t und Kundenorientierung teilen, suchen wir Talente wie Sie zur Verst\u00e4rkung unseres Teams. Bei Kintek ist jeder Tag eine Gelegenheit, zu wachsen und etwas zu bewirken. Mit uns zu arbeiten bedeutet, Teil [&hellip;]<\/p>\n","protected":false},"author":2,"featured_media":0,"parent":0,"menu_order":0,"comment_status":"closed","ping_status":"closed","template":"","meta":{"footnotes":""},"class_list":["post-5491","page","type-page","status-publish","hentry"],"blocksy_meta":[],"yoast_head":"<!-- This site is optimized with the Yoast SEO plugin v23.8 - https:\/\/yoast.com\/wordpress\/plugins\/seo\/ -->\n<title>Karriere - Kintek<\/title>\n<meta name=\"description\" content=\"Werden Sie Teil des Kintek-Teams! Wir suchen Ingenieure, Mechaniker und Fachkr\u00e4fte aus dem Bereich Metallverarbeitung f\u00fcr ein spannendes und sich st\u00e4ndig weiterentwickelndes Umfeld.\" \/>\n<meta name=\"robots\" content=\"index, follow, max-snippet:-1, max-image-preview:large, max-video-preview:-1\" \/>\n<link rel=\"canonical\" href=\"https:\/\/kintek.it\/de\/karriere\/\" \/>\n<meta property=\"og:locale\" content=\"de_DE\" \/>\n<meta property=\"og:type\" content=\"article\" \/>\n<meta property=\"og:title\" content=\"Karriere - Kintek\" \/>\n<meta property=\"og:description\" content=\"Werden Sie Teil des Kintek-Teams! Wir suchen Ingenieure, Mechaniker und Fachkr\u00e4fte aus dem Bereich Metallverarbeitung f\u00fcr ein spannendes und sich st\u00e4ndig weiterentwickelndes Umfeld.\" \/>\n<meta property=\"og:url\" content=\"https:\/\/kintek.it\/de\/karriere\/\" \/>\n<meta property=\"og:site_name\" content=\"Kintek\" \/>\n<meta property=\"article:publisher\" content=\"https:\/\/it-it.facebook.com\/kinteksrl\/\" \/>\n<meta property=\"article:modified_time\" content=\"2026-02-13T09:42:57+00:00\" \/>\n<meta property=\"og:image\" content=\"https:\/\/kintek.it\/cms\/wp-content\/uploads\/2024\/11\/team-gait.png\" \/>\n\t<meta property=\"og:image:width\" content=\"1900\" \/>\n\t<meta property=\"og:image:height\" content=\"1425\" \/>\n\t<meta property=\"og:image:type\" content=\"image\/png\" \/>\n<meta name=\"twitter:card\" content=\"summary_large_image\" \/>\n<meta name=\"twitter:label1\" content=\"Est. reading time\" \/>\n\t<meta name=\"twitter:data1\" content=\"1 minute\" \/>\n<script type=\"application\/ld+json\" class=\"yoast-schema-graph\">{\"@context\":\"https:\/\/schema.org\",\"@graph\":[{\"@type\":\"WebPage\",\"@id\":\"https:\/\/kintek.it\/de\/karriere\/\",\"url\":\"https:\/\/kintek.it\/de\/karriere\/\",\"name\":\"Karriere - Kintek\",\"isPartOf\":{\"@id\":\"https:\/\/kintek.it\/de\/#website\"},\"primaryImageOfPage\":{\"@id\":\"https:\/\/kintek.it\/de\/karriere\/#primaryimage\"},\"image\":{\"@id\":\"https:\/\/kintek.it\/de\/karriere\/#primaryimage\"},\"thumbnailUrl\":\"https:\/\/kintek.apvdtest.it\/cms\/wp-content\/uploads\/2024\/11\/team-gait.png\",\"datePublished\":\"2024-10-17T07:36:39+00:00\",\"dateModified\":\"2026-02-13T09:42:57+00:00\",\"description\":\"Werden Sie Teil des Kintek-Teams! Wir suchen Ingenieure, Mechaniker und Fachkr\u00e4fte aus dem Bereich Metallverarbeitung f\u00fcr ein spannendes und sich st\u00e4ndig weiterentwickelndes Umfeld.\",\"breadcrumb\":{\"@id\":\"https:\/\/kintek.it\/de\/karriere\/#breadcrumb\"},\"inLanguage\":\"de-DE\",\"potentialAction\":[{\"@type\":\"ReadAction\",\"target\":[\"https:\/\/kintek.it\/de\/karriere\/\"]}]},{\"@type\":\"ImageObject\",\"inLanguage\":\"de-DE\",\"@id\":\"https:\/\/kintek.it\/de\/karriere\/#primaryimage\",\"url\":\"https:\/\/kintek.apvdtest.it\/cms\/wp-content\/uploads\/2024\/11\/team-gait.png\",\"contentUrl\":\"https:\/\/kintek.apvdtest.it\/cms\/wp-content\/uploads\/2024\/11\/team-gait.png\"},{\"@type\":\"BreadcrumbList\",\"@id\":\"https:\/\/kintek.it\/de\/karriere\/#breadcrumb\",\"itemListElement\":[{\"@type\":\"ListItem\",\"position\":1,\"name\":\"Home\",\"item\":\"https:\/\/kintek.it\/de\/\"},{\"@type\":\"ListItem\",\"position\":2,\"name\":\"Karriere\"}]},{\"@type\":\"WebSite\",\"@id\":\"https:\/\/kintek.it\/de\/#website\",\"url\":\"https:\/\/kintek.it\/de\/\",\"name\":\"Kintek\",\"description\":\"Componenti Innovativi Tecnomeccanici\",\"publisher\":{\"@id\":\"https:\/\/kintek.it\/de\/#organization\"},\"potentialAction\":[{\"@type\":\"SearchAction\",\"target\":{\"@type\":\"EntryPoint\",\"urlTemplate\":\"https:\/\/kintek.it\/de\/?s={search_term_string}\"},\"query-input\":{\"@type\":\"PropertyValueSpecification\",\"valueRequired\":true,\"valueName\":\"search_term_string\"}}],\"inLanguage\":\"de-DE\"},{\"@type\":\"Organization\",\"@id\":\"https:\/\/kintek.it\/de\/#organization\",\"name\":\"Kintek - Leader nella produzione di portautensili\",\"url\":\"https:\/\/kintek.it\/de\/\",\"logo\":{\"@type\":\"ImageObject\",\"inLanguage\":\"de-DE\",\"@id\":\"https:\/\/kintek.it\/de\/#\/schema\/logo\/image\/\",\"url\":\"https:\/\/kintek.it\/cms\/wp-content\/uploads\/2024\/09\/logo-kintek-pos.svg\",\"contentUrl\":\"https:\/\/kintek.it\/cms\/wp-content\/uploads\/2024\/09\/logo-kintek-pos.svg\",\"width\":486,\"height\":144,\"caption\":\"Kintek - Leader nella produzione di portautensili\"},\"image\":{\"@id\":\"https:\/\/kintek.it\/de\/#\/schema\/logo\/image\/\"},\"sameAs\":[\"https:\/\/it-it.facebook.com\/kinteksrl\/\",\"https:\/\/www.instagram.com\/kinteksrl\/\",\"https:\/\/www.linkedin.com\/company\/kintek-s.r.l.\/\"]}]}<\/script>\n<!-- \/ Yoast SEO plugin. -->","yoast_head_json":{"title":"Karriere - Kintek","description":"Werden Sie Teil des Kintek-Teams! Wir suchen Ingenieure, Mechaniker und Fachkr\u00e4fte aus dem Bereich Metallverarbeitung f\u00fcr ein spannendes und sich st\u00e4ndig weiterentwickelndes Umfeld.","robots":{"index":"index","follow":"follow","max-snippet":"max-snippet:-1","max-image-preview":"max-image-preview:large","max-video-preview":"max-video-preview:-1"},"canonical":"https:\/\/kintek.it\/de\/karriere\/","og_locale":"de_DE","og_type":"article","og_title":"Karriere - Kintek","og_description":"Werden Sie Teil des Kintek-Teams! Wir suchen Ingenieure, Mechaniker und Fachkr\u00e4fte aus dem Bereich Metallverarbeitung f\u00fcr ein spannendes und sich st\u00e4ndig weiterentwickelndes Umfeld.","og_url":"https:\/\/kintek.it\/de\/karriere\/","og_site_name":"Kintek","article_publisher":"https:\/\/it-it.facebook.com\/kinteksrl\/","article_modified_time":"2026-02-13T09:42:57+00:00","og_image":[{"width":1900,"height":1425,"url":"https:\/\/kintek.it\/cms\/wp-content\/uploads\/2024\/11\/team-gait.png","type":"image\/png"}],"twitter_card":"summary_large_image","twitter_misc":{"Est. reading time":"1 minute"},"schema":{"@context":"https:\/\/schema.org","@graph":[{"@type":"WebPage","@id":"https:\/\/kintek.it\/de\/karriere\/","url":"https:\/\/kintek.it\/de\/karriere\/","name":"Karriere - Kintek","isPartOf":{"@id":"https:\/\/kintek.it\/de\/#website"},"primaryImageOfPage":{"@id":"https:\/\/kintek.it\/de\/karriere\/#primaryimage"},"image":{"@id":"https:\/\/kintek.it\/de\/karriere\/#primaryimage"},"thumbnailUrl":"https:\/\/kintek.apvdtest.it\/cms\/wp-content\/uploads\/2024\/11\/team-gait.png","datePublished":"2024-10-17T07:36:39+00:00","dateModified":"2026-02-13T09:42:57+00:00","description":"Werden Sie Teil des Kintek-Teams! Wir suchen Ingenieure, Mechaniker und Fachkr\u00e4fte aus dem Bereich Metallverarbeitung f\u00fcr ein spannendes und sich st\u00e4ndig weiterentwickelndes Umfeld.","breadcrumb":{"@id":"https:\/\/kintek.it\/de\/karriere\/#breadcrumb"},"inLanguage":"de-DE","potentialAction":[{"@type":"ReadAction","target":["https:\/\/kintek.it\/de\/karriere\/"]}]},{"@type":"ImageObject","inLanguage":"de-DE","@id":"https:\/\/kintek.it\/de\/karriere\/#primaryimage","url":"https:\/\/kintek.apvdtest.it\/cms\/wp-content\/uploads\/2024\/11\/team-gait.png","contentUrl":"https:\/\/kintek.apvdtest.it\/cms\/wp-content\/uploads\/2024\/11\/team-gait.png"},{"@type":"BreadcrumbList","@id":"https:\/\/kintek.it\/de\/karriere\/#breadcrumb","itemListElement":[{"@type":"ListItem","position":1,"name":"Home","item":"https:\/\/kintek.it\/de\/"},{"@type":"ListItem","position":2,"name":"Karriere"}]},{"@type":"WebSite","@id":"https:\/\/kintek.it\/de\/#website","url":"https:\/\/kintek.it\/de\/","name":"Kintek","description":"Componenti Innovativi Tecnomeccanici","publisher":{"@id":"https:\/\/kintek.it\/de\/#organization"},"potentialAction":[{"@type":"SearchAction","target":{"@type":"EntryPoint","urlTemplate":"https:\/\/kintek.it\/de\/?s={search_term_string}"},"query-input":{"@type":"PropertyValueSpecification","valueRequired":true,"valueName":"search_term_string"}}],"inLanguage":"de-DE"},{"@type":"Organization","@id":"https:\/\/kintek.it\/de\/#organization","name":"Kintek - Leader nella produzione di portautensili","url":"https:\/\/kintek.it\/de\/","logo":{"@type":"ImageObject","inLanguage":"de-DE","@id":"https:\/\/kintek.it\/de\/#\/schema\/logo\/image\/","url":"https:\/\/kintek.it\/cms\/wp-content\/uploads\/2024\/09\/logo-kintek-pos.svg","contentUrl":"https:\/\/kintek.it\/cms\/wp-content\/uploads\/2024\/09\/logo-kintek-pos.svg","width":486,"height":144,"caption":"Kintek - Leader nella produzione di portautensili"},"image":{"@id":"https:\/\/kintek.it\/de\/#\/schema\/logo\/image\/"},"sameAs":["https:\/\/it-it.facebook.com\/kinteksrl\/","https:\/\/www.instagram.com\/kinteksrl\/","https:\/\/www.linkedin.com\/company\/kintek-s.r.l.\/"]}]}},"_links":{"self":[{"href":"https:\/\/kintek.it\/de\/wp-json\/wp\/v2\/pages\/5491","targetHints":{"allow":["GET"]}}],"collection":[{"href":"https:\/\/kintek.it\/de\/wp-json\/wp\/v2\/pages"}],"about":[{"href":"https:\/\/kintek.it\/de\/wp-json\/wp\/v2\/types\/page"}],"author":[{"embeddable":true,"href":"https:\/\/kintek.it\/de\/wp-json\/wp\/v2\/users\/2"}],"replies":[{"embeddable":true,"href":"https:\/\/kintek.it\/de\/wp-json\/wp\/v2\/comments?post=5491"}],"version-history":[{"count":0,"href":"https:\/\/kintek.it\/de\/wp-json\/wp\/v2\/pages\/5491\/revisions"}],"wp:attachment":[{"href":"https:\/\/kintek.it\/de\/wp-json\/wp\/v2\/media?parent=5491"}],"curies":[{"name":"wp","href":"https:\/\/api.w.org\/{rel}","templated":true}]}}